{"id":68,"date":"2016-05-05T21:08:49","date_gmt":"2016-05-05T19:08:49","guid":{"rendered":"https:\/\/oceanwp.org\/sport\/?page_id=68"},"modified":"2023-04-25T12:19:45","modified_gmt":"2023-04-25T10:19:45","slug":"contact","status":"publish","type":"page","link":"https:\/\/agnes-brown.fr\/index.php\/contact\/","title":{"rendered":"Contact"},"content":{"rendered":"\t\t<div data-elementor-type=\"wp-post\" data-elementor-id=\"68\" class=\"elementor elementor-68\">\n\t\t\t\t\t\t<section class=\"elementor-section elementor-top-section elementor-element elementor-element-008t7ul elementor-section-boxed elementor-section-height-default elementor-section-height-default\" data-id=\"008t7ul\" data-element_type=\"section\" data-e-type=\"section\">\n\t\t\t\t\t\t<div class=\"elementor-container elementor-column-gap-default\">\n\t\t\t\t\t<div class=\"elementor-column elementor-col-100 elementor-top-column elementor-element elementor-element-d0o1myu\" data-id=\"d0o1myu\" data-element_type=\"column\" data-e-type=\"column\">\n\t\t\t<div class=\"elementor-widget-wrap elementor-element-populated\">\n\t\t\t\t\t\t<div class=\"elementor-element elementor-element-389e40f elementor-widget elementor-widget-heading\" data-id=\"389e40f\" data-element_type=\"widget\" data-e-type=\"widget\" data-widget_type=\"heading.default\">\n\t\t\t\t<div class=\"elementor-widget-container\">\n\t\t\t\t\t<h2 class=\"elementor-heading-title elementor-size-default\">Pour me contacter, c'est simple !<\/h2>\t\t\t\t<\/div>\n\t\t\t\t<\/div>\n\t\t\t\t<div class=\"elementor-element elementor-element-9e96fe7 elementor-widget elementor-widget-text-editor\" data-id=\"9e96fe7\" data-element_type=\"widget\" data-e-type=\"widget\" data-widget_type=\"text-editor.default\">\n\t\t\t\t<div class=\"elementor-widget-container\">\n\t\t\t\t\t\t\t\t\t<p>Par t\u00e9l\u00e9phone : <a href=\"tel:0771757218\">07 71 75 72 18<\/a><\/p>\t\t\t\t\t\t\t\t<\/div>\n\t\t\t\t<\/div>\n\t\t\t\t<div class=\"elementor-element elementor-element-f58cbce elementor-widget elementor-widget-text-editor\" data-id=\"f58cbce\" data-element_type=\"widget\" data-e-type=\"widget\" data-widget_type=\"text-editor.default\">\n\t\t\t\t<div class=\"elementor-widget-container\">\n\t\t\t\t\t\t\t\t\t<p>O\u00f9 me trouver ?<\/p>\t\t\t\t\t\t\t\t<\/div>\n\t\t\t\t<\/div>\n\t\t\t\t<div class=\"elementor-element elementor-element-p6ndti2 elementor-widget elementor-widget-heading\" data-id=\"p6ndti2\" data-element_type=\"widget\" data-e-type=\"widget\" data-widget_type=\"heading.default\">\n\t\t\t\t<div class=\"elementor-widget-container\">\n\t\t\t\t\t<h2 class=\"elementor-heading-title elementor-size-default\">28 Route de Lourdes<br>65380 Lamarque-Pontacq<\/h2>\t\t\t\t<\/div>\n\t\t\t\t<\/div>\n\t\t\t\t<div class=\"elementor-element elementor-element-b19ea6a elementor-widget elementor-widget-heading\" data-id=\"b19ea6a\" data-element_type=\"widget\" data-e-type=\"widget\" data-widget_type=\"heading.default\">\n\t\t\t\t<div class=\"elementor-widget-container\">\n\t\t\t\t\t<h2 class=\"elementor-heading-title elementor-size-default\">Par mail<\/h2>\t\t\t\t<\/div>\n\t\t\t\t<\/div>\n\t\t\t\t<div class=\"elementor-element elementor-element-7ff8735 elementor-widget elementor-widget-text-editor\" data-id=\"7ff8735\" data-element_type=\"widget\" data-e-type=\"widget\" data-widget_type=\"text-editor.default\">\n\t\t\t\t<div class=\"elementor-widget-container\">\n\t\t\t\t\t\t\t\t\t<p>&nbsp;Directement dans le formulaire ci-dessous (contact@agnes-brown.fr) et je vous r\u00e9pondrai rapidement !<\/p>\t\t\t\t\t\t\t\t<\/div>\n\t\t\t\t<\/div>\n\t\t\t\t<div class=\"elementor-element elementor-element-a8042d2 elementor-widget elementor-widget-wpforms\" data-id=\"a8042d2\" data-element_type=\"widget\" data-e-type=\"widget\" data-widget_type=\"wpforms.default\">\n\t\t\t\t<div class=\"elementor-widget-container\">\n\t\t\t\t\t<div class=\"wpforms-container wpforms-container-full\" id=\"wpforms-633\"><form id=\"wpforms-form-633\" class=\"wpforms-validate wpforms-form\" data-formid=\"633\" method=\"post\" enctype=\"multipart\/form-data\" action=\"\/index.php\/wp-json\/wp\/v2\/pages\/68\" data-token=\"ac0df9e5b3a47f737812206a03c75c4b\" data-token-time=\"1777527912\"><noscript class=\"wpforms-error-noscript\">Veuillez activer JavaScript dans votre navigateur pour remplir ce formulaire.<\/noscript><div class=\"wpforms-field-container\"><div id=\"wpforms-633-field_0-container\" class=\"wpforms-field wpforms-field-name\" data-field-id=\"0\"><label class=\"wpforms-field-label wpforms-label-hide\" for=\"wpforms-633-field_0\">Nom <span class=\"wpforms-required-label\">*<\/span><\/label><div class=\"wpforms-field-row wpforms-field-large\"><div class=\"wpforms-field-row-block wpforms-first wpforms-one-half\"><input type=\"text\" id=\"wpforms-633-field_0\" class=\"wpforms-field-name-first wpforms-field-required\" name=\"wpforms[fields][0][first]\" placeholder=\"Pr\u00e9nom\" required><label for=\"wpforms-633-field_0\" class=\"wpforms-field-sublabel after wpforms-sublabel-hide\">Pr\u00e9nom<\/label><\/div><div class=\"wpforms-field-row-block wpforms-one-half\"><input type=\"text\" id=\"wpforms-633-field_0-last\" class=\"wpforms-field-name-last wpforms-field-required\" name=\"wpforms[fields][0][last]\" placeholder=\"Nom\" required><label for=\"wpforms-633-field_0-last\" class=\"wpforms-field-sublabel after wpforms-sublabel-hide\">Nom<\/label><\/div><\/div><\/div><div id=\"wpforms-633-field_1-container\" class=\"wpforms-field wpforms-field-email\" data-field-id=\"1\"><label class=\"wpforms-field-label wpforms-label-hide\" for=\"wpforms-633-field_1\">Mail <span class=\"wpforms-required-label\">*<\/span><\/label><input type=\"email\" id=\"wpforms-633-field_1\" class=\"wpforms-field-large wpforms-field-required\" name=\"wpforms[fields][1]\" placeholder=\"Mail\" spellcheck=\"false\" required><\/div><div id=\"wpforms-633-field_2-container\" class=\"wpforms-field wpforms-field-textarea\" data-field-id=\"2\"><label class=\"wpforms-field-label wpforms-label-hide\" for=\"wpforms-633-field_2\">Message <span class=\"wpforms-required-label\">*<\/span><\/label><textarea id=\"wpforms-633-field_2\" class=\"wpforms-field-medium wpforms-field-required\" name=\"wpforms[fields][2]\" placeholder=\"Message\" required><\/textarea><\/div><\/div><!-- .wpforms-field-container --><div class=\"wpforms-field wpforms-field-hp\"><label for=\"wpforms-633-field-hp\" class=\"wpforms-field-label\">Name<\/label><input type=\"text\" name=\"wpforms[hp]\" id=\"wpforms-633-field-hp\" class=\"wpforms-field-medium\"><\/div><div class=\"wpforms-submit-container\" ><input type=\"hidden\" name=\"wpforms[id]\" value=\"633\"><input type=\"hidden\" name=\"page_title\" value=\"\"><input type=\"hidden\" name=\"page_url\" value=\"https:\/\/agnes-brown.fr\/index.php\/wp-json\/wp\/v2\/pages\/68\"><input type=\"hidden\" name=\"url_referer\" value=\"\"><button type=\"submit\" name=\"wpforms[submit]\" id=\"wpforms-submit-633\" class=\"wpforms-submit\" data-alt-text=\"Envoi\" data-submit-text=\"Envoi\" aria-live=\"assertive\" value=\"wpforms-submit\">Envoi<\/button><\/div><\/form><\/div>  <!-- .wpforms-container -->\t\t\t\t<\/div>\n\t\t\t\t<\/div>\n\t\t\t\t<section class=\"elementor-section elementor-inner-section elementor-element elementor-element-6720893 elementor-section-boxed elementor-section-height-default elementor-section-height-default\" data-id=\"6720893\" data-element_type=\"section\" data-e-type=\"section\">\n\t\t\t\t\t\t<div class=\"elementor-container elementor-column-gap-default\">\n\t\t\t\t\t<div class=\"elementor-column elementor-col-33 elementor-inner-column elementor-element elementor-element-8516a6b\" data-id=\"8516a6b\" data-element_type=\"column\" data-e-type=\"column\">\n\t\t\t<div class=\"elementor-widget-wrap\">\n\t\t\t\t\t\t\t<\/div>\n\t\t<\/div>\n\t\t\t\t<div class=\"elementor-column elementor-col-33 elementor-inner-column elementor-element elementor-element-c1e10a0\" data-id=\"c1e10a0\" data-element_type=\"column\" data-e-type=\"column\">\n\t\t\t<div class=\"elementor-widget-wrap elementor-element-populated\">\n\t\t\t\t\t\t<div class=\"elementor-element elementor-element-3bf2caf elementor-widget elementor-widget-image\" data-id=\"3bf2caf\" data-element_type=\"widget\" data-e-type=\"widget\" data-widget_type=\"image.default\">\n\t\t\t\t<div class=\"elementor-widget-container\">\n\t\t\t\t\t\t\t\t\t\t\t\t\t\t\t<img fetchpriority=\"high\" decoding=\"async\" width=\"1024\" height=\"819\" src=\"https:\/\/agnes-brown.fr\/wp-content\/uploads\/2023\/04\/dessin-services_Plan-de-travail-1-1024x819.png\" class=\"attachment-large size-large wp-image-2761\" alt=\"\" srcset=\"https:\/\/agnes-brown.fr\/wp-content\/uploads\/2023\/04\/dessin-services_Plan-de-travail-1-1024x819.png 1024w, https:\/\/agnes-brown.fr\/wp-content\/uploads\/2023\/04\/dessin-services_Plan-de-travail-1-300x240.png 300w, https:\/\/agnes-brown.fr\/wp-content\/uploads\/2023\/04\/dessin-services_Plan-de-travail-1-768x614.png 768w, https:\/\/agnes-brown.fr\/wp-content\/uploads\/2023\/04\/dessin-services_Plan-de-travail-1-1536x1229.png 1536w, https:\/\/agnes-brown.fr\/wp-content\/uploads\/2023\/04\/dessin-services_Plan-de-travail-1-2048x1638.png 2048w\" sizes=\"(max-width: 1024px) 100vw, 1024px\" \/>\t\t\t\t\t\t\t\t\t\t\t\t\t\t\t<\/div>\n\t\t\t\t<\/div>\n\t\t\t\t\t<\/div>\n\t\t<\/div>\n\t\t\t\t<div class=\"elementor-column elementor-col-33 elementor-inner-column elementor-element elementor-element-9b9d701\" data-id=\"9b9d701\" data-element_type=\"column\" data-e-type=\"column\">\n\t\t\t<div class=\"elementor-widget-wrap\">\n\t\t\t\t\t\t\t<\/div>\n\t\t<\/div>\n\t\t\t\t\t<\/div>\n\t\t<\/section>\n\t\t\t\t\t<\/div>\n\t\t<\/div>\n\t\t\t\t\t<\/div>\n\t\t<\/section>\n\t\t\t\t<\/div>\n\t\t","protected":false},"excerpt":{"rendered":"<p>Pour me contacter, c&rsquo;est simple ! Par t\u00e9l\u00e9phone : 07 71 75 72 18 O\u00f9 me trouver ? 28 Route de Lourdes65380 Lamarque-Pontacq Par mail &nbsp;Directement dans le formulaire ci-dessous (contact@agnes-brown.fr) et je vous r\u00e9pondrai rapidement !<\/p>\n","protected":false},"author":1,"featured_media":0,"parent":0,"menu_order":0,"comment_status":"closed","ping_status":"closed","template":"","meta":{"ocean_post_layout":"full-width","ocean_both_sidebars_style":"","ocean_both_sidebars_content_width":0,"ocean_both_sidebars_sidebars_width":0,"ocean_sidebar":"0","ocean_second_sidebar":"0","ocean_disable_margins":"enable","ocean_add_body_class":"","ocean_shortcode_before_top_bar":"","ocean_shortcode_after_top_bar":"","ocean_shortcode_before_header":"","ocean_shortcode_after_header":"","ocean_has_shortcode":"","ocean_shortcode_after_title":"","ocean_shortcode_before_footer_widgets":"","ocean_shortcode_after_footer_widgets":"","ocean_shortcode_before_footer_bottom":"","ocean_shortcode_after_footer_bottom":"","ocean_display_top_bar":"default","ocean_display_header":"default","ocean_header_style":"","ocean_center_header_left_menu":"0","ocean_custom_header_template":"0","ocean_custom_logo":0,"ocean_custom_retina_logo":0,"ocean_custom_logo_max_width":0,"ocean_custom_logo_tablet_max_width":0,"ocean_custom_logo_mobile_max_width":0,"ocean_custom_logo_max_height":0,"ocean_custom_logo_tablet_max_height":0,"ocean_custom_logo_mobile_max_height":0,"ocean_header_custom_menu":"0","ocean_menu_typo_font_family":"0","ocean_menu_typo_font_subset":"","ocean_menu_typo_font_size":0,"ocean_menu_typo_font_size_tablet":0,"ocean_menu_typo_font_size_mobile":0,"ocean_menu_typo_font_size_unit":"px","ocean_menu_typo_font_weight":"","ocean_menu_typo_font_weight_tablet":"","ocean_menu_typo_font_weight_mobile":"","ocean_menu_typo_transform":"","ocean_menu_typo_transform_tablet":"","ocean_menu_typo_transform_mobile":"","ocean_menu_typo_line_height":0,"ocean_menu_typo_line_height_tablet":0,"ocean_menu_typo_line_height_mobile":0,"ocean_menu_typo_line_height_unit":"","ocean_menu_typo_spacing":0,"ocean_menu_typo_spacing_tablet":0,"ocean_menu_typo_spacing_mobile":0,"ocean_menu_typo_spacing_unit":"","ocean_menu_link_color":"","ocean_menu_link_color_hover":"","ocean_menu_link_color_active":"","ocean_menu_link_background":"","ocean_menu_link_hover_background":"","ocean_menu_link_active_background":"","ocean_menu_social_links_bg":"","ocean_menu_social_hover_links_bg":"","ocean_menu_social_links_color":"","ocean_menu_social_hover_links_color":"","ocean_disable_title":"default","ocean_disable_heading":"default","ocean_post_title":"","ocean_post_subheading":"","ocean_post_title_style":"background-image","ocean_post_title_background_color":"","ocean_post_title_background":2220,"ocean_post_title_bg_image_position":"center center","ocean_post_title_bg_image_attachment":"","ocean_post_title_bg_image_repeat":"","ocean_post_title_bg_image_size":"","ocean_post_title_height":0,"ocean_post_title_bg_overlay":0.5,"ocean_post_title_bg_overlay_color":"","ocean_disable_breadcrumbs":"default","ocean_breadcrumbs_color":"","ocean_breadcrumbs_separator_color":"","ocean_breadcrumbs_links_color":"","ocean_breadcrumbs_links_hover_color":"","ocean_display_footer_widgets":"default","ocean_display_footer_bottom":"default","ocean_custom_footer_template":"0","footnotes":""},"class_list":["post-68","page","type-page","status-publish","hentry","entry"],"yoast_head":"<!-- This site is optimized with the Yoast SEO plugin v27.4 - https:\/\/yoast.com\/product\/yoast-seo-wordpress\/ -->\n<title>Contact Agn\u00e8s Brown<\/title>\n<meta name=\"description\" content=\"Par mail : Directement dans le formulaire ci-dessous (contact@agnes-brown.fr) et je vous r\u00e9pondrai rapidement !\" \/>\n<meta name=\"robots\" content=\"index, follow, max-snippet:-1, max-image-preview:large, max-video-preview:-1\" \/>\n<link rel=\"canonical\" href=\"https:\/\/agnes-brown.fr\/index.php\/contact\/\" \/>\n<meta property=\"og:locale\" content=\"fr_FR\" \/>\n<meta property=\"og:type\" content=\"article\" \/>\n<meta property=\"og:title\" content=\"Contact Agn\u00e8s Brown\" \/>\n<meta property=\"og:description\" content=\"Par mail : Directement dans le formulaire ci-dessous (contact@agnes-brown.fr) et je vous r\u00e9pondrai rapidement !\" \/>\n<meta property=\"og:url\" content=\"https:\/\/agnes-brown.fr\/index.php\/contact\/\" \/>\n<meta property=\"og:site_name\" content=\"Agn\u00e8s Brown\" \/>\n<meta property=\"article:modified_time\" content=\"2023-04-25T10:19:45+00:00\" \/>\n<meta property=\"og:image\" content=\"https:\/\/agnes-brown.fr\/wp-content\/uploads\/2023\/04\/dessin-services_Plan-de-travail-1-1024x819.png\" \/>\n<meta name=\"twitter:card\" content=\"summary_large_image\" \/>\n<meta name=\"twitter:label1\" content=\"Dur\u00e9e de lecture estim\u00e9e\" \/>\n\t<meta name=\"twitter:data1\" content=\"1 minute\" \/>\n<script type=\"application\/ld+json\" class=\"yoast-schema-graph\">{\"@context\":\"https:\\\/\\\/schema.org\",\"@graph\":[{\"@type\":\"WebPage\",\"@id\":\"https:\\\/\\\/agnes-brown.fr\\\/index.php\\\/contact\\\/\",\"url\":\"https:\\\/\\\/agnes-brown.fr\\\/index.php\\\/contact\\\/\",\"name\":\"Contact Agn\u00e8s Brown\",\"isPartOf\":{\"@id\":\"https:\\\/\\\/agnes-brown.fr\\\/#website\"},\"primaryImageOfPage\":{\"@id\":\"https:\\\/\\\/agnes-brown.fr\\\/index.php\\\/contact\\\/#primaryimage\"},\"image\":{\"@id\":\"https:\\\/\\\/agnes-brown.fr\\\/index.php\\\/contact\\\/#primaryimage\"},\"thumbnailUrl\":\"https:\\\/\\\/agnes-brown.fr\\\/wp-content\\\/uploads\\\/2023\\\/04\\\/dessin-services_Plan-de-travail-1-1024x819.png\",\"datePublished\":\"2016-05-05T19:08:49+00:00\",\"dateModified\":\"2023-04-25T10:19:45+00:00\",\"description\":\"Par mail : Directement dans le formulaire ci-dessous (contact@agnes-brown.fr) et je vous r\u00e9pondrai rapidement !\",\"breadcrumb\":{\"@id\":\"https:\\\/\\\/agnes-brown.fr\\\/index.php\\\/contact\\\/#breadcrumb\"},\"inLanguage\":\"fr-FR\",\"potentialAction\":[{\"@type\":\"ReadAction\",\"target\":[\"https:\\\/\\\/agnes-brown.fr\\\/index.php\\\/contact\\\/\"]}]},{\"@type\":\"ImageObject\",\"inLanguage\":\"fr-FR\",\"@id\":\"https:\\\/\\\/agnes-brown.fr\\\/index.php\\\/contact\\\/#primaryimage\",\"url\":\"https:\\\/\\\/agnes-brown.fr\\\/wp-content\\\/uploads\\\/2023\\\/04\\\/dessin-services_Plan-de-travail-1.png\",\"contentUrl\":\"https:\\\/\\\/agnes-brown.fr\\\/wp-content\\\/uploads\\\/2023\\\/04\\\/dessin-services_Plan-de-travail-1.png\",\"width\":5334,\"height\":4267},{\"@type\":\"BreadcrumbList\",\"@id\":\"https:\\\/\\\/agnes-brown.fr\\\/index.php\\\/contact\\\/#breadcrumb\",\"itemListElement\":[{\"@type\":\"ListItem\",\"position\":1,\"name\":\"Accueil\",\"item\":\"https:\\\/\\\/agnes-brown.fr\\\/\"},{\"@type\":\"ListItem\",\"position\":2,\"name\":\"Contact\"}]},{\"@type\":\"WebSite\",\"@id\":\"https:\\\/\\\/agnes-brown.fr\\\/#website\",\"url\":\"https:\\\/\\\/agnes-brown.fr\\\/\",\"name\":\"Agn\u00e8s Brown\",\"description\":\"\",\"publisher\":{\"@id\":\"https:\\\/\\\/agnes-brown.fr\\\/#organization\"},\"potentialAction\":[{\"@type\":\"SearchAction\",\"target\":{\"@type\":\"EntryPoint\",\"urlTemplate\":\"https:\\\/\\\/agnes-brown.fr\\\/?s={search_term_string}\"},\"query-input\":{\"@type\":\"PropertyValueSpecification\",\"valueRequired\":true,\"valueName\":\"search_term_string\"}}],\"inLanguage\":\"fr-FR\"},{\"@type\":\"Organization\",\"@id\":\"https:\\\/\\\/agnes-brown.fr\\\/#organization\",\"name\":\"Agn\u00e8s Brown\",\"url\":\"https:\\\/\\\/agnes-brown.fr\\\/\",\"logo\":{\"@type\":\"ImageObject\",\"inLanguage\":\"fr-FR\",\"@id\":\"https:\\\/\\\/agnes-brown.fr\\\/#\\\/schema\\\/logo\\\/image\\\/\",\"url\":\"https:\\\/\\\/agnes-brown.fr\\\/wp-content\\\/uploads\\\/2023\\\/02\\\/cropped-Logo-agnes-petit_Plan-de-travail-1.png\",\"contentUrl\":\"https:\\\/\\\/agnes-brown.fr\\\/wp-content\\\/uploads\\\/2023\\\/02\\\/cropped-Logo-agnes-petit_Plan-de-travail-1.png\",\"width\":237,\"height\":237,\"caption\":\"Agn\u00e8s Brown\"},\"image\":{\"@id\":\"https:\\\/\\\/agnes-brown.fr\\\/#\\\/schema\\\/logo\\\/image\\\/\"}}]}<\/script>\n<!-- \/ Yoast SEO plugin. -->","yoast_head_json":{"title":"Contact Agn\u00e8s Brown","description":"Par mail : Directement dans le formulaire ci-dessous (contact@agnes-brown.fr) et je vous r\u00e9pondrai rapidement !","robots":{"index":"index","follow":"follow","max-snippet":"max-snippet:-1","max-image-preview":"max-image-preview:large","max-video-preview":"max-video-preview:-1"},"canonical":"https:\/\/agnes-brown.fr\/index.php\/contact\/","og_locale":"fr_FR","og_type":"article","og_title":"Contact Agn\u00e8s Brown","og_description":"Par mail : Directement dans le formulaire ci-dessous (contact@agnes-brown.fr) et je vous r\u00e9pondrai rapidement !","og_url":"https:\/\/agnes-brown.fr\/index.php\/contact\/","og_site_name":"Agn\u00e8s Brown","article_modified_time":"2023-04-25T10:19:45+00:00","og_image":[{"url":"https:\/\/agnes-brown.fr\/wp-content\/uploads\/2023\/04\/dessin-services_Plan-de-travail-1-1024x819.png","type":"","width":"","height":""}],"twitter_card":"summary_large_image","twitter_misc":{"Dur\u00e9e de lecture estim\u00e9e":"1 minute"},"schema":{"@context":"https:\/\/schema.org","@graph":[{"@type":"WebPage","@id":"https:\/\/agnes-brown.fr\/index.php\/contact\/","url":"https:\/\/agnes-brown.fr\/index.php\/contact\/","name":"Contact Agn\u00e8s Brown","isPartOf":{"@id":"https:\/\/agnes-brown.fr\/#website"},"primaryImageOfPage":{"@id":"https:\/\/agnes-brown.fr\/index.php\/contact\/#primaryimage"},"image":{"@id":"https:\/\/agnes-brown.fr\/index.php\/contact\/#primaryimage"},"thumbnailUrl":"https:\/\/agnes-brown.fr\/wp-content\/uploads\/2023\/04\/dessin-services_Plan-de-travail-1-1024x819.png","datePublished":"2016-05-05T19:08:49+00:00","dateModified":"2023-04-25T10:19:45+00:00","description":"Par mail : Directement dans le formulaire ci-dessous (contact@agnes-brown.fr) et je vous r\u00e9pondrai rapidement !","breadcrumb":{"@id":"https:\/\/agnes-brown.fr\/index.php\/contact\/#breadcrumb"},"inLanguage":"fr-FR","potentialAction":[{"@type":"ReadAction","target":["https:\/\/agnes-brown.fr\/index.php\/contact\/"]}]},{"@type":"ImageObject","inLanguage":"fr-FR","@id":"https:\/\/agnes-brown.fr\/index.php\/contact\/#primaryimage","url":"https:\/\/agnes-brown.fr\/wp-content\/uploads\/2023\/04\/dessin-services_Plan-de-travail-1.png","contentUrl":"https:\/\/agnes-brown.fr\/wp-content\/uploads\/2023\/04\/dessin-services_Plan-de-travail-1.png","width":5334,"height":4267},{"@type":"BreadcrumbList","@id":"https:\/\/agnes-brown.fr\/index.php\/contact\/#breadcrumb","itemListElement":[{"@type":"ListItem","position":1,"name":"Accueil","item":"https:\/\/agnes-brown.fr\/"},{"@type":"ListItem","position":2,"name":"Contact"}]},{"@type":"WebSite","@id":"https:\/\/agnes-brown.fr\/#website","url":"https:\/\/agnes-brown.fr\/","name":"Agn\u00e8s Brown","description":"","publisher":{"@id":"https:\/\/agnes-brown.fr\/#organization"},"potentialAction":[{"@type":"SearchAction","target":{"@type":"EntryPoint","urlTemplate":"https:\/\/agnes-brown.fr\/?s={search_term_string}"},"query-input":{"@type":"PropertyValueSpecification","valueRequired":true,"valueName":"search_term_string"}}],"inLanguage":"fr-FR"},{"@type":"Organization","@id":"https:\/\/agnes-brown.fr\/#organization","name":"Agn\u00e8s Brown","url":"https:\/\/agnes-brown.fr\/","logo":{"@type":"ImageObject","inLanguage":"fr-FR","@id":"https:\/\/agnes-brown.fr\/#\/schema\/logo\/image\/","url":"https:\/\/agnes-brown.fr\/wp-content\/uploads\/2023\/02\/cropped-Logo-agnes-petit_Plan-de-travail-1.png","contentUrl":"https:\/\/agnes-brown.fr\/wp-content\/uploads\/2023\/02\/cropped-Logo-agnes-petit_Plan-de-travail-1.png","width":237,"height":237,"caption":"Agn\u00e8s Brown"},"image":{"@id":"https:\/\/agnes-brown.fr\/#\/schema\/logo\/image\/"}}]}},"_links":{"self":[{"href":"https:\/\/agnes-brown.fr\/index.php\/wp-json\/wp\/v2\/pages\/68","targetHints":{"allow":["GET"]}}],"collection":[{"href":"https:\/\/agnes-brown.fr\/index.php\/wp-json\/wp\/v2\/pages"}],"about":[{"href":"https:\/\/agnes-brown.fr\/index.php\/wp-json\/wp\/v2\/types\/page"}],"author":[{"embeddable":true,"href":"https:\/\/agnes-brown.fr\/index.php\/wp-json\/wp\/v2\/users\/1"}],"replies":[{"embeddable":true,"href":"https:\/\/agnes-brown.fr\/index.php\/wp-json\/wp\/v2\/comments?post=68"}],"version-history":[{"count":52,"href":"https:\/\/agnes-brown.fr\/index.php\/wp-json\/wp\/v2\/pages\/68\/revisions"}],"predecessor-version":[{"id":3011,"href":"https:\/\/agnes-brown.fr\/index.php\/wp-json\/wp\/v2\/pages\/68\/revisions\/3011"}],"wp:attachment":[{"href":"https:\/\/agnes-brown.fr\/index.php\/wp-json\/wp\/v2\/media?parent=68"}],"curies":[{"name":"wp","href":"https:\/\/api.w.org\/{rel}","templated":true}]}}